{"id":60,"date":"2017-03-26T20:30:02","date_gmt":"2017-03-26T20:30:02","guid":{"rendered":"https:\/\/reitsport-grossmann.de\/reitsport\/?page_id=60"},"modified":"2017-06-23T09:03:35","modified_gmt":"2017-06-23T09:03:35","slug":"abschwitzdecken","status":"publish","type":"page","link":"https:\/\/reitsport-grossmann.de\/reitsport\/produkte\/abschwitzdecken\/","title":{"rendered":"Abschwitzdecken"},"content":{"rendered":"<p><span style=\"font-family: 'Adobe Garamond Pro',serif;\">Unsere beliebten Abschwitzdecken k\u00f6nnen Sie in drei verschiedenen Stoffqualit\u00e4ten bekommen<\/span><\/p>\n<p><u><span style=\"font-family: 'Adobe Garamond Pro',serif;\">Antipilling Fleece:\u00a0<\/span><\/u><span style=\"font-family: 'Adobe Garamond Pro',serif;\">Allseits bekannt und bew\u00e4hrt, lieferbar nach unserer Fleecefarbkarte<\/span><\/p>\n<p><u><span style=\"font-family: 'Adobe Garamond Pro',serif;\">Baumwolle\/Dralon:<\/span><\/u> <span style=\"font-family: 'Adobe Garamond Pro',serif;\">Wunderbare Abschwitzqualtit\u00e4t aus deutscher Produktion, schwerer und dicker als das Fleece, lieferbar in den Uni-Farben schwarz, dunkelblau, camel und braun sowie in den Streifen gr\u00fcn\/hellgr\u00fcn oder hellgr\u00fcn\/gr\u00fcn | blau\/camel oder camel\/blau | stahlblau\/steingrau oder steingrau\/stahlblau | schwarz\/silber oder silber\/schwarz<\/span><\/p>\n<p><u><span style=\"font-family: 'Adobe Garamond Pro',serif;\">Dolan:<\/span><\/u> <span style=\"font-family: 'Adobe Garamond Pro',serif;\">Zu guter Letzt unsere Dolandecke, das ist die w\u00e4rmste und flauschigste der 3 Qualit\u00e4ten, ebenfalls deutsche Herstellung, lieferbar in den Farben dunkelblau, bordaux und giftgr\u00fcn.<\/span><\/p>\n<p><span style=\"font-family: 'Adobe Garamond Pro',serif;\">Sie k\u00f6nnen die Decken erhalten als normale Pferdecke, Ausreitdecke, Halsteildecke oder Halsteildecke mit \u00dcberschlagschal.<\/span><\/p>\n<p><span style=\"font-family: 'Adobe Garamond Pro',serif;\">Die Decken sind lieferbar ab Gr. 95 bis Gr. 155, ab Gr. 165 mit einem Preisaufschlag. Falls Ihr Pferd eine Ma\u00dfanfertigung ben\u00f6tigt, schicken wir Ihnen gerne unser Ma\u00dfblatt zu.<\/span><\/p>\n<p><span style=\"font-family: 'Adobe Garamond Pro',serif;\">Sie k\u00f6nnen sich die Decken nach Ihren W\u00fcnschen zusammenstellen &#8212; also die Qualit\u00e4t, Farbe, Einfassfarbe und Kordeln sowie eventuelle Extras selbst bestimmen. Unsere Extras f\u00fcr die Decken sind:<\/span><\/p>\n<p><span style=\"font-family: 'Adobe Garamond Pro',serif;\">Vorderlatz, Ristpelz in Echtfell, Kreuzbegurtung, Vorrichtung f\u00fcr Hinterbein Verschn\u00fcrung oder eben die beliebte, individuelle Rosette (evtl. identisch mit den von Ihnen ausgesuchten Kordeln).<\/span><\/p>\n<p><span style=\"font-family: 'Adobe Garamond Pro',serif;\">Sie k\u00f6nnen uns immer gerne telefonisch oder per Email kontaktieren, wir freuen uns, Ihnen bei der Beratung behilflich zu sein und werden Ihnen umgehend ein Preisangebot schicken.<\/span><\/p>\n","protected":false},"excerpt":{"rendered":"<p>Unsere beliebten Abschwitzdecken k\u00f6nnen Sie in drei verschiedenen Stoffqualit\u00e4ten bekommen Antipilling Fleece:\u00a0Allseits bekannt und bew\u00e4hrt, lieferbar nach unserer Fleecefarbkarte Baumwolle\/Dralon:<\/p>\n","protected":false},"author":3,"featured_media":0,"parent":36,"menu_order":2,"comment_status":"closed","ping_status":"closed","template":"","meta":[],"aioseo_notices":[],"_links":{"self":[{"href":"https:\/\/reitsport-grossmann.de\/reitsport\/wp-json\/wp\/v2\/pages\/60"}],"collection":[{"href":"https:\/\/reitsport-grossmann.de\/reitsport\/wp-json\/wp\/v2\/pages"}],"about":[{"href":"https:\/\/reitsport-grossmann.de\/reitsport\/wp-json\/wp\/v2\/types\/page"}],"author":[{"embeddable":true,"href":"https:\/\/reitsport-grossmann.de\/reitsport\/wp-json\/wp\/v2\/users\/3"}],"replies":[{"embeddable":true,"href":"https:\/\/reitsport-grossmann.de\/reitsport\/wp-json\/wp\/v2\/comments?post=60"}],"version-history":[{"count":3,"href":"https:\/\/reitsport-grossmann.de\/reitsport\/wp-json\/wp\/v2\/pages\/60\/revisions"}],"predecessor-version":[{"id":464,"href":"https:\/\/reitsport-grossmann.de\/reitsport\/wp-json\/wp\/v2\/pages\/60\/revisions\/464"}],"up":[{"embeddable":true,"href":"https:\/\/reitsport-grossmann.de\/reitsport\/wp-json\/wp\/v2\/pages\/36"}],"wp:attachment":[{"href":"https:\/\/reitsport-grossmann.de\/reitsport\/wp-json\/wp\/v2\/media?parent=60"}],"curies":[{"name":"wp","href":"https:\/\/api.w.org\/{rel}","templated":true}]}}