{"id":38,"date":"2017-03-26T20:11:20","date_gmt":"2017-03-26T20:11:20","guid":{"rendered":"https:\/\/reitsport-grossmann.de\/reitsport\/?page_id=38"},"modified":"2017-06-23T09:04:16","modified_gmt":"2017-06-23T09:04:16","slug":"sattelunterlagen","status":"publish","type":"page","link":"https:\/\/reitsport-grossmann.de\/reitsport\/produkte\/sattelunterlagen\/","title":{"rendered":"Sattelunterlagen"},"content":{"rendered":"<p><span style=\"color: black; font-family: 'Adobe Garamond Pro';\">Auf den nachfolgenden Seiten sehen Sie eine \u00a0wechselnde Auswahl von Schabracken und Satteldecken. \u00a0Wir versuchen m\u00f6glichst viele verschiedene Steppmuster, Formen, Stofffarben, Einfassungen und Zierbandfarben\u00a0zu verwenden, damit Sie einen Eindruck der vielf\u00e4ltigen M\u00f6glichkeiten bekommen.<\/span><\/p>\n<p align=\"left\"><span style=\"color: black; font-family: 'Adobe Garamond Pro';\">Weiterhin sehen Sie die Standardma\u00dfe unserer verschiedenen Formen &#8211; wir sind jedoch auch jederzeit in der Lage, die Sattelunterlagen\u00a0nach Ihren Wunschma\u00dfen herzustellen.<\/span><\/p>\n<p align=\"left\"><span style=\"color: black; font-family: 'Adobe Garamond Pro';\">Wenn auch die gr\u00f6\u00dferen Kaliber mal etwas ganz modisches m\u00f6chten (zum Beispiel die Kaltbl\u00fcter in Pink \u00a0&#8211; die Shire in petrol\u00a0etc.) oder das Shetty mal was ausgefallenes,\u00a0 ist das f\u00fcr uns kein Problem. Sie k\u00f6nnen sich f\u00fcr JEDES Pferd die Stofffarben, Einfassungen sowie die verschiedenen Zierb\u00e4nder aussuchen.<\/span><\/p>\n<p align=\"left\"><span style=\"color: black; font-family: 'Adobe Garamond Pro';\">Zu den Steppmustern: Wie Sie ersehen k\u00f6nnen, haben wir viele verschiedene Steppungen\u00a0 im Programm. Durch unsere eigene Stepperei sind wir diesbez\u00fcglich sehr flexibel. Allerdings haben auch wir nicht jede Farbe in jedem Steppmuster verf\u00fcgar. Daher bitten wir Sie, uns bei Anfragen Ihre Wunschsteppung mit anzugeben, wir antworten dann schnellstens und geben Ihnen, wenn n\u00f6tig, Alternativm\u00f6glichkeiten.<\/span><\/p>\n<p align=\"left\"><span style=\"color: black; font-family: 'Adobe Garamond Pro';\">Viele unserer bisher immer zufriedenen Kunden wissen, da\u00df wir uns um den pers\u00f6nlichen Kontakt sehr bem\u00fchen und auf Anfragen gerne beratend zur Seite stehen. Schnellstens \u00fcbersenden wir Ihnen \u00a0unser Angebot f\u00fcr den \u00a0gew\u00fcnschten Artikel und wenn es n\u00f6tig ist, mailen wir ein Farbmuster.<\/span><\/p>\n<p align=\"left\"><span style=\"color: black; font-family: 'Adobe Garamond Pro';\">Wir freuen uns, wenn wir Ihr Interesse geweckt haben und stehen Ihnen gerne bei Anfragen entweder per Mail oder telefonisch\u00a0zur Verf\u00fcgung.<\/span><\/p>\n<p align=\"left\"><span style=\"color: black; font-family: 'Adobe Garamond Pro';\">Ihre Andrea Gro\u00dfmann und Team<\/span><\/p>\n","protected":false},"excerpt":{"rendered":"<p>Auf den nachfolgenden Seiten sehen Sie eine \u00a0wechselnde Auswahl von Schabracken und Satteldecken. \u00a0Wir versuchen m\u00f6glichst viele verschiedene Steppmuster, Formen,<\/p>\n","protected":false},"author":3,"featured_media":0,"parent":36,"menu_order":1,"comment_status":"closed","ping_status":"closed","template":"","meta":[],"aioseo_notices":[],"_links":{"self":[{"href":"https:\/\/reitsport-grossmann.de\/reitsport\/wp-json\/wp\/v2\/pages\/38"}],"collection":[{"href":"https:\/\/reitsport-grossmann.de\/reitsport\/wp-json\/wp\/v2\/pages"}],"about":[{"href":"https:\/\/reitsport-grossmann.de\/reitsport\/wp-json\/wp\/v2\/types\/page"}],"author":[{"embeddable":true,"href":"https:\/\/reitsport-grossmann.de\/reitsport\/wp-json\/wp\/v2\/users\/3"}],"replies":[{"embeddable":true,"href":"https:\/\/reitsport-grossmann.de\/reitsport\/wp-json\/wp\/v2\/comments?post=38"}],"version-history":[{"count":5,"href":"https:\/\/reitsport-grossmann.de\/reitsport\/wp-json\/wp\/v2\/pages\/38\/revisions"}],"predecessor-version":[{"id":470,"href":"https:\/\/reitsport-grossmann.de\/reitsport\/wp-json\/wp\/v2\/pages\/38\/revisions\/470"}],"up":[{"embeddable":true,"href":"https:\/\/reitsport-grossmann.de\/reitsport\/wp-json\/wp\/v2\/pages\/36"}],"wp:attachment":[{"href":"https:\/\/reitsport-grossmann.de\/reitsport\/wp-json\/wp\/v2\/media?parent=38"}],"curies":[{"name":"wp","href":"https:\/\/api.w.org\/{rel}","templated":true}]}}