{"id":36,"date":"2017-03-26T20:06:27","date_gmt":"2017-03-26T20:06:27","guid":{"rendered":"https:\/\/reitsport-grossmann.de\/reitsport\/?page_id=36"},"modified":"2017-06-19T15:10:56","modified_gmt":"2017-06-19T15:10:56","slug":"produkte","status":"publish","type":"page","link":"https:\/\/reitsport-grossmann.de\/reitsport\/produkte\/","title":{"rendered":"Produkte"},"content":{"rendered":"<p>Auf den nachfolgenden Seiten sehen Sie einen kleinen Ausschnitt unserer individuellen Produktvielfalt.<\/p>\n<p>Alle Artikel werden ausschlie\u00dflich in unserem Betrieb in M\u00f6mbris bei Aschaffenburg gefertigt.<\/p>\n<p>Wir verarbeiten soweit m\u00f6glich nur Stoffe und Zutaten von deutschen Vorlieferanten.<\/p>\n<p>Das Baumwollrohgewebe kommt zwar auch aus Indien oder Pakistan, die Ware wird jedoch komplett in Deutschland gef\u00e4rbt und ausger\u00fcstet und unterliegt daher den strengen Richtlinien und Kontrollen der deutschen Pr\u00fcfungsstellen.<\/p>\n<p>Daher sind alle unsere Produkte nicht nur \u00a0mit dem Etikett \u201e Made in Germany \u201e ausgezeichnet, sondern werden definitiv hier gefertigt.<\/p>\n<p>Selbstverst\u00e4ndlich sind wir bem\u00fcht, die Bilder auf unserer Seite in bester Farbqualit\u00e4t einzustellen, \u00a0jedoch sind geringe Farbabweichungen m\u00f6glich.<\/p>\n<p>Wir bieten Ihnen faire Preise an, f\u00fcr ein in Deutschland gefertigtes Qualit\u00e4ts Produkt.<\/p>\n<p>Wir freuen uns \u00fcber Ihr Interesse und stehen Ihnen f\u00fcr weitere Fragen gerne zur Verf\u00fcgung.<\/p>\n","protected":false},"excerpt":{"rendered":"<p>Auf den nachfolgenden Seiten sehen Sie einen kleinen Ausschnitt unserer individuellen Produktvielfalt. Alle Artikel werden ausschlie\u00dflich in unserem Betrieb in<\/p>\n","protected":false},"author":3,"featured_media":0,"parent":0,"menu_order":4,"comment_status":"closed","ping_status":"closed","template":"","meta":[],"aioseo_notices":[],"_links":{"self":[{"href":"https:\/\/reitsport-grossmann.de\/reitsport\/wp-json\/wp\/v2\/pages\/36"}],"collection":[{"href":"https:\/\/reitsport-grossmann.de\/reitsport\/wp-json\/wp\/v2\/pages"}],"about":[{"href":"https:\/\/reitsport-grossmann.de\/reitsport\/wp-json\/wp\/v2\/types\/page"}],"author":[{"embeddable":true,"href":"https:\/\/reitsport-grossmann.de\/reitsport\/wp-json\/wp\/v2\/users\/3"}],"replies":[{"embeddable":true,"href":"https:\/\/reitsport-grossmann.de\/reitsport\/wp-json\/wp\/v2\/comments?post=36"}],"version-history":[{"count":4,"href":"https:\/\/reitsport-grossmann.de\/reitsport\/wp-json\/wp\/v2\/pages\/36\/revisions"}],"predecessor-version":[{"id":532,"href":"https:\/\/reitsport-grossmann.de\/reitsport\/wp-json\/wp\/v2\/pages\/36\/revisions\/532"}],"wp:attachment":[{"href":"https:\/\/reitsport-grossmann.de\/reitsport\/wp-json\/wp\/v2\/media?parent=36"}],"curies":[{"name":"wp","href":"https:\/\/api.w.org\/{rel}","templated":true}]}}