{"id":33,"date":"2017-03-26T20:01:55","date_gmt":"2017-03-26T20:01:55","guid":{"rendered":"https:\/\/reitsport-grossmann.de\/reitsport\/?page_id=33"},"modified":"2018-05-11T13:58:46","modified_gmt":"2018-05-11T13:58:46","slug":"wir-uber-uns","status":"publish","type":"page","link":"https:\/\/reitsport-grossmann.de\/reitsport\/wir-uber-uns\/","title":{"rendered":"Wir \u00fcber Uns"},"content":{"rendered":"<p>Wir sind ein Familien gef\u00fchrtes Unternehmen und fertigen seit 30 Jahren, ausschlie\u00dflich in unserem Betrieb in M\u00f6mbris bei Aschaffenburg, textile Pferdesportartikel.<\/p>\n<p>Wir stellen mit motiviertem, langj\u00e4hrigem Stammpersonal auf modernen N\u00e4hmaschinen sowie eigener Stoffstepperei hochwertige Produkte bester Qualit\u00e4t in allen Ausf\u00fchrungen, Designs und Materialien her.<\/p>\n<p>Durch die Produktion vor Ort \u00a0sind wir in der Lage, \u00a0schnell, flexibel und individuell auf die W\u00fcnsche unserer Kunden einzugehen.<\/p>\n<p>Wir freuen uns \u00fcber den pers\u00f6nlichen Kontakt per Email oder Telefon und sind bei der Beratung gerne behilflich.<\/p>\n<p>Bestellungen von Vereinen und Sponsoren k\u00f6nnen wir ebenfalls schnell und unkompliziert realisieren.<\/p>\n<p>Neugierig geworden???<\/p>\n<p>Bitte nehmen Sie mit uns Kontakt auf, gerne per Email\u00a0 info@reitsport-grossmann.de\u00a0 oder telefonisch 06029 995506 !!<\/p>\n<p>Ihre Andrea Gro\u00dfmann und Team<\/p>\n<p><a href=\"https:\/\/reitsport-grossmann.de\/reitsport\/impressum\/privatsphaere-und-datenschutz\/\"> direkter Link zum Thema Datenschutz<\/a><\/p>\n","protected":false},"excerpt":{"rendered":"<p>Wir sind ein Familien gef\u00fchrtes Unternehmen und fertigen seit 30 Jahren, ausschlie\u00dflich in unserem Betrieb in M\u00f6mbris bei Aschaffenburg, textile<\/p>\n","protected":false},"author":3,"featured_media":0,"parent":0,"menu_order":2,"comment_status":"closed","ping_status":"closed","template":"","meta":[],"aioseo_notices":[],"_links":{"self":[{"href":"https:\/\/reitsport-grossmann.de\/reitsport\/wp-json\/wp\/v2\/pages\/33"}],"collection":[{"href":"https:\/\/reitsport-grossmann.de\/reitsport\/wp-json\/wp\/v2\/pages"}],"about":[{"href":"https:\/\/reitsport-grossmann.de\/reitsport\/wp-json\/wp\/v2\/types\/page"}],"author":[{"embeddable":true,"href":"https:\/\/reitsport-grossmann.de\/reitsport\/wp-json\/wp\/v2\/users\/3"}],"replies":[{"embeddable":true,"href":"https:\/\/reitsport-grossmann.de\/reitsport\/wp-json\/wp\/v2\/comments?post=33"}],"version-history":[{"count":7,"href":"https:\/\/reitsport-grossmann.de\/reitsport\/wp-json\/wp\/v2\/pages\/33\/revisions"}],"predecessor-version":[{"id":925,"href":"https:\/\/reitsport-grossmann.de\/reitsport\/wp-json\/wp\/v2\/pages\/33\/revisions\/925"}],"wp:attachment":[{"href":"https:\/\/reitsport-grossmann.de\/reitsport\/wp-json\/wp\/v2\/media?parent=33"}],"curies":[{"name":"wp","href":"https:\/\/api.w.org\/{rel}","templated":true}]}}